{"id":2362,"date":"2022-05-18T15:41:01","date_gmt":"2022-05-18T13:41:01","guid":{"rendered":"http:\/\/fasplatform.net\/piscineTarrega\/piscina-estiu\/?page_id=2362"},"modified":"2022-05-18T15:41:01","modified_gmt":"2022-05-18T13:41:01","slug":"politica-de-cookies","status":"publish","type":"page","link":"http:\/\/piscines.tarrega.cat\/piscina-estiu\/politica-de-cookies\/","title":{"rendered":"Pol\u00edtica de cookies"},"content":{"rendered":"<p class=\"western\" lang=\"es-ES\"><span style=\"font-family: Arial, sans-serif;\"><span style=\"color: #454549;\"><span style=\"font-size: medium;\"><span lang=\"ca-ES\">Les galetes s\u00f3n petites dades que s&#8217;envien i s&#8217;emmagatzemen en el disc dur de l&#8217;ordinador de l&#8217;usuari a trav\u00e9s del seu navegador quan aquest es connecta a un web. Les galetes es poden utilitzar per demanar i emmagatzemar dades de l&#8217;usuari mentre est\u00e0 connectat per facilitar-li els serveis sol\u00b7licitats i que no es solen conservar (galetes de sessi\u00f3), o per conservar les dades de l&#8217;usuari per a un altre tipus de serveis futurs i que es poden conservar per temps indefinit (galetes persistents). Les galetes poden ser pr\u00f2pies o de tercers.<\/p>\n<p>Existeixen diferents tipus de galetes:<\/span><\/span><\/span><\/span><\/p>\n<ul>\n<li>\n<p class=\"western\" lang=\"es-ES\"><span style=\"font-family: Arial, sans-serif;\"><span style=\"color: #454549;\"><span style=\"font-size: medium;\"><span lang=\"ca-ES\">Galetes t\u00e8cniques que faciliten la navegaci\u00f3 de l\u2019usuari i la utilitzaci\u00f3 de les diferents opcions o serveis que ofereix la web com identificar la sessi\u00f3, permetre l\u2019acc\u00e9s a determinades \u00e0rees, facilitar comandes, compres, emplenament de formularis, inscripcions, seguretat, facilitar funcionalitats (v\u00eddeos, xarxes socials\u2026).<\/span><\/span><\/span><\/span><\/p>\n<\/li>\n<li>\n<p class=\"western\" lang=\"es-ES\"><span style=\"font-family: Arial, sans-serif;\"><span style=\"color: #454549;\"><span style=\"font-size: medium;\"><span lang=\"ca-ES\">Galetes de personalitzaci\u00f3 que permeten a l\u2019usuari accedir als serveis segons les seves prefer\u00e8ncies (idioma, navegador, configuraci\u00f3\u2026).<\/span><\/span><\/span><\/span><\/p>\n<\/li>\n<li>\n<p class=\"western\" lang=\"es-ES\"><span style=\"font-family: Arial, sans-serif;\"><span style=\"color: #454549;\"><span style=\"font-size: medium;\"><span lang=\"ca-ES\">Galetes d\u2019an\u00e0lisi que permeten l\u2019an\u00e0lisi an\u00f2nim del comportament dels usuaris del web i que permeten mesurar l\u2019activitat de l\u2019usuari i elaborar perfils de navegaci\u00f3 amb l\u2019objectiu de millorar els llocs web.<\/span><\/span><\/span><\/span><\/p>\n<\/li>\n<li>\n<p class=\"western\" lang=\"es-ES\"><span style=\"font-family: Arial, sans-serif;\"><span style=\"color: #454549;\"><span style=\"font-size: medium;\"><span lang=\"ca-ES\">Galetes publicit\u00e0ries que permeten la gesti\u00f3 dels espais publicitaris del web.<\/span><\/span><\/span><\/span><\/p>\n<\/li>\n<li>\n<p class=\"western\" lang=\"es-ES\"><span style=\"font-family: Arial, sans-serif;\"><span style=\"color: #454549;\"><span style=\"font-size: medium;\"><span lang=\"ca-ES\">Galetes de publicitat personalitzada que permeten la gesti\u00f3 dels espais publicitaris del web sobre la base del comportament i h\u00e0bits de navegaci\u00f3 d\u2019usuari, d\u2019on s\u2019obt\u00e9 el seu perfil i permet personalitzar la publicitat que es mostra en el navegador.<\/span><\/span><\/span><\/span><\/p>\n<\/li>\n<\/ul>\n<p class=\"western\" lang=\"es-ES\"><span style=\"color: #454549;\">\u00a0<span style=\"font-family: Arial, sans-serif;\"><span style=\"font-size: medium;\"><span lang=\"ca-ES\"><br \/>\nL\u2019Ajuntament de T\u00e0rrega utilitza galetes de sessi\u00f3, d&#8217;an\u00e0lisi, pr\u00f2pies i de tercers, en cap cas, tracten dades de car\u00e0cter personal, per\u00f2 capten h\u00e0bits de navegaci\u00f3 per a fins estad\u00edstics.<\/p>\n<p>Per aix\u00f2, en accedir a la nostra web, en compliment de l&#8217;article 22 de la Llei de Serveis de la Societat de la Informaci\u00f3 li hem sol\u00b7licitat el seu consentiment per al seu \u00fas.<\/p>\n<p>De tota manera, l&#8217;informem que pot activar o desactivar i aquestes galetes seguint les instruccions del seu navegador d&#8217;Internet:<\/p>\n<p><\/span><\/span><\/span><span style=\"font-size: medium;\"><span lang=\"ca-ES\"><b>Chrome:<\/b><\/span><\/span><\/span><span style=\"color: #454549;\"><span style=\"font-size: medium;\"><span lang=\"ca-ES\">\u00a0Configuraci\u00f3n -&gt; Mostrar opciones avanzadas -&gt; Privacidad -&gt; Configuraci\u00f3n de contenido.<br \/>\n<\/span><\/span><\/span><span style=\"color: #454549;\"><span style=\"font-size: medium;\"><span lang=\"ca-ES\"><b>Firefox:<\/b><\/span><\/span><\/span><span style=\"color: #454549;\"><span style=\"font-size: medium;\"><span lang=\"ca-ES\">\u00a0Herramientas -&gt; Opciones -&gt; Privacidad -&gt; Historial -&gt; Configuraci\u00f3n Personalizada.<br \/>\n<\/span><\/span><\/span><span style=\"color: #454549;\"><span style=\"font-size: medium;\"><span lang=\"ca-ES\"><b>Internet Explorer:<\/b><\/span><\/span><\/span><span style=\"color: #454549;\"><span style=\"font-size: medium;\"><span lang=\"ca-ES\">\u00a0Herramientas -&gt; Opciones de Internet -&gt; Privacidad -&gt; Configuraci\u00f3n.<br \/>\n<\/span><\/span><\/span><span style=\"color: #454549;\"><span style=\"font-size: medium;\"><span lang=\"ca-ES\"><b>Safari:<\/b><\/span><\/span><\/span><span style=\"color: #454549;\"><span style=\"font-size: medium;\"><span lang=\"ca-ES\">\u00a0Preferencias -&gt; Seguridad.<br \/>\n<\/span><\/span><\/span><span style=\"color: #454549;\"><span style=\"font-size: medium;\"><span lang=\"ca-ES\"><b>Opera:<\/b><\/span><\/span><\/span><span style=\"color: #454549;\"><span style=\"font-size: medium;\"><span lang=\"ca-ES\">\u00a0Herramientas -&gt; Preferencias -&gt; Editar preferencias &gt; Cookies<\/p>\n<p>Per a m\u00e9s informaci\u00f3, podeu consultar a l&#8217;Ajuda del seu navegador o en les p\u00e0gines de suport dels mateixos:<\/p>\n<p><\/span><\/span><\/span><span style=\"color: #454549;\"><span style=\"font-size: medium;\"><span lang=\"ca-ES\"><b>Chrome:<\/b><\/span><\/span><\/span><span style=\"color: #454549;\"><span style=\"font-size: medium;\"><span lang=\"ca-ES\">\u00a0support.google.com<br \/>\n<\/span><\/span><\/span><span style=\"color: #454549;\"><span style=\"font-size: medium;\"><span lang=\"ca-ES\"><b>FireFox:<\/b><\/span><\/span><\/span><span style=\"color: #454549;\"><span style=\"font-size: medium;\"><span lang=\"ca-ES\">\u00a0support.mozilla.org<br \/>\n<\/span><\/span><\/span><span style=\"color: #454549;\"><span style=\"font-size: medium;\"><span lang=\"ca-ES\"><b>Internet Explorer:<\/b><\/span><\/span><\/span><span style=\"color: #454549;\"><span style=\"font-size: medium;\"><span lang=\"ca-ES\">\u00a0windows.microsoft.com<br \/>\n<\/span><\/span><\/span><span style=\"color: #454549;\"><span style=\"font-size: medium;\"><span lang=\"ca-ES\"><b>Safari:<\/b><\/span><\/span><\/span><span style=\"color: #454549;\"><span style=\"font-size: medium;\"><span lang=\"ca-ES\">\u00a0http:\/\/www.apple.com<br \/>\n<\/span><\/span><\/span><span style=\"color: #454549;\"><span style=\"font-size: medium;\"><span lang=\"ca-ES\"><b>Opera:<\/b><\/span><\/span><\/span><span style=\"color: #454549;\"><span style=\"font-size: medium;\"><span lang=\"ca-ES\">\u00a0http:\/\/www.opera.com\/help\/tutorials\/security\/cookies\/<\/span><\/span><\/span><\/p>\n","protected":false},"excerpt":{"rendered":"<p>Les galetes s\u00f3n petites dades que s&#8217;envien i s&#8217;emmagatzemen en el disc dur de l&#8217;ordinador de l&#8217;usuari a trav\u00e9s del seu navegador quan aquest es connecta a un web. Les galetes es poden utilitzar per demanar i emmagatzemar dades de l&#8217;usuari mentre est\u00e0 connectat per facilitar-li els serveis sol\u00b7licitats i que no es solen conservar<\/p>\n","protected":false},"author":3,"featured_media":0,"parent":0,"menu_order":0,"comment_status":"closed","ping_status":"closed","template":"","meta":{"footnotes":""},"class_list":["post-2362","page","type-page","status-publish","hentry","prodpage-classic"],"yoast_head":"<!-- This site is optimized with the Yoast SEO plugin v19.3 - https:\/\/yoast.com\/wordpress\/plugins\/seo\/ -->\n<title>Pol\u00edtica de cookies - Complex Piscines de T\u00e0rrega<\/title>\n<meta name=\"robots\" content=\"index, follow, max-snippet:-1, max-image-preview:large, max-video-preview:-1\" \/>\n<link rel=\"canonical\" href=\"http:\/\/piscines.tarrega.cat\/piscina-estiu\/politica-de-cookies\/\" \/>\n<meta property=\"og:locale\" content=\"en_GB\" \/>\n<meta property=\"og:type\" content=\"article\" \/>\n<meta property=\"og:title\" content=\"Pol\u00edtica de cookies - Complex Piscines de T\u00e0rrega\" \/>\n<meta property=\"og:description\" content=\"Les galetes s\u00f3n petites dades que s&#8217;envien i s&#8217;emmagatzemen en el disc dur de l&#8217;ordinador de l&#8217;usuari a trav\u00e9s del seu navegador quan aquest es connecta a un web. Les galetes es poden utilitzar per demanar i emmagatzemar dades de l&#8217;usuari mentre est\u00e0 connectat per facilitar-li els serveis sol\u00b7licitats i que no es solen conservar\" \/>\n<meta property=\"og:url\" content=\"http:\/\/piscines.tarrega.cat\/piscina-estiu\/politica-de-cookies\/\" \/>\n<meta property=\"og:site_name\" content=\"Complex Piscines de T\u00e0rrega\" \/>\n<meta name=\"twitter:card\" content=\"summary_large_image\" \/>\n<meta name=\"twitter:label1\" content=\"Estimated reading time\" \/>\n\t<meta name=\"twitter:data1\" content=\"2 minutes\" \/>\n<script type=\"application\/ld+json\" class=\"yoast-schema-graph\">{\"@context\":\"https:\/\/schema.org\",\"@graph\":[{\"@type\":\"WebSite\",\"@id\":\"https:\/\/piscines.tarrega.cat\/piscina-estiu\/#website\",\"url\":\"https:\/\/piscines.tarrega.cat\/piscina-estiu\/\",\"name\":\"Complex Piscines de T\u00e0rrega\",\"description\":\"\",\"potentialAction\":[{\"@type\":\"SearchAction\",\"target\":{\"@type\":\"EntryPoint\",\"urlTemplate\":\"https:\/\/piscines.tarrega.cat\/piscina-estiu\/?s={search_term_string}\"},\"query-input\":\"required name=search_term_string\"}],\"inLanguage\":\"en-GB\"},{\"@type\":\"WebPage\",\"@id\":\"http:\/\/piscines.tarrega.cat\/piscina-estiu\/politica-de-cookies\/\",\"url\":\"http:\/\/piscines.tarrega.cat\/piscina-estiu\/politica-de-cookies\/\",\"name\":\"Pol\u00edtica de cookies - Complex Piscines de T\u00e0rrega\",\"isPartOf\":{\"@id\":\"https:\/\/piscines.tarrega.cat\/piscina-estiu\/#website\"},\"datePublished\":\"2022-05-18T13:41:01+00:00\",\"dateModified\":\"2022-05-18T13:41:01+00:00\",\"breadcrumb\":{\"@id\":\"http:\/\/piscines.tarrega.cat\/piscina-estiu\/politica-de-cookies\/#breadcrumb\"},\"inLanguage\":\"en-GB\",\"potentialAction\":[{\"@type\":\"ReadAction\",\"target\":[\"http:\/\/piscines.tarrega.cat\/piscina-estiu\/politica-de-cookies\/\"]}]},{\"@type\":\"BreadcrumbList\",\"@id\":\"http:\/\/piscines.tarrega.cat\/piscina-estiu\/politica-de-cookies\/#breadcrumb\",\"itemListElement\":[{\"@type\":\"ListItem\",\"position\":1,\"name\":\"Home\",\"item\":\"https:\/\/piscines.tarrega.cat\/piscina-estiu\/\"},{\"@type\":\"ListItem\",\"position\":2,\"name\":\"Pol\u00edtica de cookies\"}]}]}<\/script>\n<!-- \/ Yoast SEO plugin. -->","yoast_head_json":{"title":"Pol\u00edtica de cookies - Complex Piscines de T\u00e0rrega","robots":{"index":"index","follow":"follow","max-snippet":"max-snippet:-1","max-image-preview":"max-image-preview:large","max-video-preview":"max-video-preview:-1"},"canonical":"http:\/\/piscines.tarrega.cat\/piscina-estiu\/politica-de-cookies\/","og_locale":"en_GB","og_type":"article","og_title":"Pol\u00edtica de cookies - Complex Piscines de T\u00e0rrega","og_description":"Les galetes s\u00f3n petites dades que s&#8217;envien i s&#8217;emmagatzemen en el disc dur de l&#8217;ordinador de l&#8217;usuari a trav\u00e9s del seu navegador quan aquest es connecta a un web. Les galetes es poden utilitzar per demanar i emmagatzemar dades de l&#8217;usuari mentre est\u00e0 connectat per facilitar-li els serveis sol\u00b7licitats i que no es solen conservar","og_url":"http:\/\/piscines.tarrega.cat\/piscina-estiu\/politica-de-cookies\/","og_site_name":"Complex Piscines de T\u00e0rrega","twitter_card":"summary_large_image","twitter_misc":{"Estimated reading time":"2 minutes"},"schema":{"@context":"https:\/\/schema.org","@graph":[{"@type":"WebSite","@id":"https:\/\/piscines.tarrega.cat\/piscina-estiu\/#website","url":"https:\/\/piscines.tarrega.cat\/piscina-estiu\/","name":"Complex Piscines de T\u00e0rrega","description":"","potentialAction":[{"@type":"SearchAction","target":{"@type":"EntryPoint","urlTemplate":"https:\/\/piscines.tarrega.cat\/piscina-estiu\/?s={search_term_string}"},"query-input":"required name=search_term_string"}],"inLanguage":"en-GB"},{"@type":"WebPage","@id":"http:\/\/piscines.tarrega.cat\/piscina-estiu\/politica-de-cookies\/","url":"http:\/\/piscines.tarrega.cat\/piscina-estiu\/politica-de-cookies\/","name":"Pol\u00edtica de cookies - Complex Piscines de T\u00e0rrega","isPartOf":{"@id":"https:\/\/piscines.tarrega.cat\/piscina-estiu\/#website"},"datePublished":"2022-05-18T13:41:01+00:00","dateModified":"2022-05-18T13:41:01+00:00","breadcrumb":{"@id":"http:\/\/piscines.tarrega.cat\/piscina-estiu\/politica-de-cookies\/#breadcrumb"},"inLanguage":"en-GB","potentialAction":[{"@type":"ReadAction","target":["http:\/\/piscines.tarrega.cat\/piscina-estiu\/politica-de-cookies\/"]}]},{"@type":"BreadcrumbList","@id":"http:\/\/piscines.tarrega.cat\/piscina-estiu\/politica-de-cookies\/#breadcrumb","itemListElement":[{"@type":"ListItem","position":1,"name":"Home","item":"https:\/\/piscines.tarrega.cat\/piscina-estiu\/"},{"@type":"ListItem","position":2,"name":"Pol\u00edtica de cookies"}]}]}},"_links":{"self":[{"href":"http:\/\/piscines.tarrega.cat\/piscina-estiu\/wp-json\/wp\/v2\/pages\/2362","targetHints":{"allow":["GET"]}}],"collection":[{"href":"http:\/\/piscines.tarrega.cat\/piscina-estiu\/wp-json\/wp\/v2\/pages"}],"about":[{"href":"http:\/\/piscines.tarrega.cat\/piscina-estiu\/wp-json\/wp\/v2\/types\/page"}],"author":[{"embeddable":true,"href":"http:\/\/piscines.tarrega.cat\/piscina-estiu\/wp-json\/wp\/v2\/users\/3"}],"replies":[{"embeddable":true,"href":"http:\/\/piscines.tarrega.cat\/piscina-estiu\/wp-json\/wp\/v2\/comments?post=2362"}],"version-history":[{"count":1,"href":"http:\/\/piscines.tarrega.cat\/piscina-estiu\/wp-json\/wp\/v2\/pages\/2362\/revisions"}],"predecessor-version":[{"id":2363,"href":"http:\/\/piscines.tarrega.cat\/piscina-estiu\/wp-json\/wp\/v2\/pages\/2362\/revisions\/2363"}],"wp:attachment":[{"href":"http:\/\/piscines.tarrega.cat\/piscina-estiu\/wp-json\/wp\/v2\/media?parent=2362"}],"curies":[{"name":"wp","href":"https:\/\/api.w.org\/{rel}","templated":true}]}}