{"id":1399,"date":"2020-09-03T03:03:26","date_gmt":"2020-09-03T01:03:26","guid":{"rendered":"https:\/\/www.gavias-theme.com\/wp\/ziston\/?page_id=3"},"modified":"2022-05-18T15:24:31","modified_gmt":"2022-05-18T13:24:31","slug":"privacy-policy","status":"publish","type":"page","link":"http:\/\/piscines.tarrega.cat\/piscina-estiu\/privacy-policy\/","title":{"rendered":"Pol\u00edtica de privacitat"},"content":{"rendered":"<p class=\"western\" lang=\"es-ES\"><span style=\"color: #454549;\"><span style=\"font-size: medium;\"><span lang=\"ca-ES\"><b><span style=\"font-family: Arial, sans-serif;\">Identitat del responsable del tractament<\/span><\/b><\/span><\/span><\/span><\/p>\n<p class=\"western\" lang=\"es-ES\"><span style=\"font-family: Arial, sans-serif;\"><span style=\"color: #454549;\"><span style=\"font-size: medium;\"><span lang=\"ca-ES\">El responsable del tractament de les dades personals recollides al web piscines.tarrega.cat \u00e9s:<\/span><\/span><\/span><\/span><\/p>\n<p class=\"western\" lang=\"es-ES\"><span style=\"font-family: Arial, sans-serif;\"><span style=\"color: #454549;\"><span style=\"font-size: medium;\"><span lang=\"ca-ES\">AJUNTAMENT DE T\u00c0RREGA<br \/>\nPl. Major, 1<br \/>\n25300 &#8211; T\u00e0rrega (Lleida)<br \/>\nP2527200F<\/span><\/span><\/span><\/span><\/p>\n<p class=\"western\" lang=\"es-ES\"><span style=\"color: #454549;\"><span style=\"font-size: medium;\"><span lang=\"ca-ES\"><b><span style=\"font-family: Arial, sans-serif;\">Legislaci\u00f3 aplicable<\/span><\/b><\/span><\/span><\/span><\/p>\n<p class=\"western\" lang=\"es-ES\"><span style=\"color: #454549;\"><span style=\"font-family: Arial, sans-serif;\"><span style=\"font-size: medium;\"><span lang=\"ca-ES\">La privadesa de tota la informaci\u00f3, tan la facilitada per la persona usu\u00e0ria a trav\u00e9s dels diferents formularis de sol\u00b7licitud de dades personals, com l&#8217;accessible a trav\u00e9s del Web de l&#8217;Ajuntament de T\u00e0rrega, est\u00e0 regulada pel Reglament (UE) 2016\/679 del Parlament i del Consell relatiu a la protecci\u00f3 de les persones f\u00edsiques respecte al tractament de dades de car\u00e0cter personal i a la lliure circulaci\u00f3 d&#8217;aquestes dades. M\u00e9s informaci\u00f3 a:\u00a0<\/span><\/span><\/span><\/span><a href=\"http:\/\/www.apdcat.cat\/\" target=\"Autoritat Catalana de Protecci\u00f3 de Dades\" rel=\"noopener\"><span style=\"color: #0085ca;\"><span style=\"font-family: Arial, sans-serif;\"><span style=\"font-size: medium;\"><span lang=\"ca-ES\"><u>Autoritat Catalana de Protecci\u00f3 de Dades<\/u><\/span><\/span><\/span><\/span><\/a><\/p>\n<p class=\"western\" lang=\"es-ES\"><span style=\"color: #454549;\"><span style=\"font-size: medium;\"><span lang=\"ca-ES\"><b><span style=\"font-family: Arial, sans-serif;\">Finalitat dels tractaments de dades<\/span><\/b><\/span><\/span><\/span><\/p>\n<p class=\"western\" lang=\"es-ES\"><span style=\"font-family: Arial, sans-serif;\"><span style=\"color: #454549;\"><span style=\"font-size: medium;\"><span lang=\"ca-ES\">Les dades subministrades a l\u2019Ajuntament de T\u00e0rrega per diferents mitjans, formularis de contacte, enquestes o procediments utilitzats durant la recollida es realitza d&#8217;acord amb la legislaci\u00f3 vigent en mat\u00e8ria de protecci\u00f3 de dades i amb l\u2019\u00fanica finalitat de prestar el servei que se sol\u00b7licita.<\/span><\/span><\/span><\/span><\/p>\n<p>En cadascun d&#8217;aquests mitjans informem detalladament de la finalitat del tractament de les dades que es duen a terme \u00fanicament i exclusivament si s\u2019ha autoritzat aquest tractament.<\/p>\n<p>&nbsp;<\/p>\n<table width=\"548\" cellspacing=\"0\" cellpadding=\"7\">\n<tbody>\n<tr>\n<td colspan=\"2\" valign=\"top\" width=\"532\">\n<p class=\"western\" lang=\"es-ES\" align=\"center\"><span style=\"font-family: Arial, sans-serif;\"><span style=\"font-size: small;\"><b>Informaci\u00f3 b\u00e0sica de protecci\u00f3 de dades<\/b><\/span><\/span><\/p>\n<\/td>\n<\/tr>\n<tr valign=\"top\">\n<td width=\"164\">\n<p class=\"western\" lang=\"es-ES\" align=\"left\"><span style=\"font-family: Arial, sans-serif;\"><span style=\"font-size: small;\">Responsable<\/span><\/span><\/p>\n<\/td>\n<td width=\"354\">\n<p class=\"western\" lang=\"es-ES\" align=\"left\"><span style=\"font-family: Arial, sans-serif;\"><span style=\"font-size: small;\">Ajuntament de T\u00e0rrega<\/span><\/span><\/p>\n<p class=\"western\" lang=\"es-ES\" align=\"left\"><span style=\"font-family: Arial, sans-serif;\"><span style=\"font-size: small;\">NIF: P2527200F<\/span><\/span><\/p>\n<p class=\"western\" lang=\"es-ES\" align=\"left\"><span style=\"font-family: Arial, sans-serif;\"><span style=\"font-size: small;\">Contacte DPD: <\/span><\/span><span style=\"color: #0000ff;\"><u><a href=\"mailto:dpd@tarrega.cat\"><span style=\"font-family: Arial, sans-serif;\"><span style=\"font-size: small;\">dpd@tarrega.cat<\/span><\/span><\/a><\/u><\/span><\/p>\n<\/td>\n<\/tr>\n<tr valign=\"top\">\n<td width=\"164\">\n<p class=\"western\" lang=\"es-ES\" align=\"left\"><span style=\"font-family: Arial, sans-serif;\"><span style=\"font-size: small;\">Finalitat<\/span><\/span><\/p>\n<\/td>\n<td width=\"354\">\n<p class=\"western\" lang=\"es-ES\" align=\"left\"><span style=\"font-family: Arial, sans-serif;\"><span style=\"font-size: small;\">Enviar-li informaci\u00f3 d\u2019activitats i promocions del Complex Piscines de T\u00e0rrega<\/span><\/span><\/p>\n<\/td>\n<\/tr>\n<tr valign=\"top\">\n<td width=\"164\">\n<p class=\"western\" lang=\"es-ES\" align=\"left\"><span style=\"font-family: Arial, sans-serif;\"><span style=\"font-size: small;\">Legitimaci\u00f3<\/span><\/span><\/p>\n<\/td>\n<td width=\"354\">\n<p class=\"western\" lang=\"es-ES\" align=\"left\"><span style=\"font-family: Arial, sans-serif;\"><span style=\"font-size: small;\">Consentiment de l\u2019interessat<\/span><\/span><\/p>\n<\/td>\n<\/tr>\n<tr valign=\"top\">\n<td width=\"164\">\n<p class=\"western\" lang=\"es-ES\" align=\"left\"><span style=\"font-family: Arial, sans-serif;\"><span style=\"font-size: small;\">Drets<\/span><\/span><\/p>\n<\/td>\n<td width=\"354\">\n<p class=\"western\" lang=\"es-ES\" align=\"left\"><span style=\"font-family: Arial, sans-serif;\"><span style=\"font-size: small;\">L\u2019usuari t\u00e9 dret d\u2019acc\u00e9s, rectificaci\u00f3 i supressi\u00f3 de les seves dades.<\/span><\/span><\/p>\n<\/td>\n<\/tr>\n<tr valign=\"top\">\n<td width=\"164\">\n<p class=\"western\" lang=\"es-ES\" align=\"left\"><span style=\"font-family: Arial, sans-serif;\"><span style=\"font-size: small;\">On exercir els drets<\/span><\/span><\/p>\n<\/td>\n<td width=\"354\">\n<p class=\"western\" lang=\"es-ES\" align=\"left\"><span style=\"font-family: Arial, sans-serif;\"><span style=\"font-size: small;\">Enviant un escrit dirigit al responsable del tractament a la seg\u00fcent adre\u00e7a: Ajuntament de T\u00e0rrega, Pla\u00e7a Major, 1, 25300 de T\u00e0rrega (Lleida), a traves de la seu electr\u00f2nica de l\u2019Ajuntament de T\u00e0rrega <\/span><\/span><span style=\"color: #0000ff;\"><u><a href=\"https:\/\/seu.tarrega.cat\/\"><span style=\"font-family: Arial, sans-serif;\"><span style=\"font-size: small;\">https:\/\/seu.tarrega.cat<\/span><\/span><\/a><\/u><\/span><span style=\"font-family: Arial, sans-serif;\"><span style=\"font-size: small;\"> o a trav\u00e9s de l\u2019adre\u00e7a <\/span><\/span><span style=\"color: #0000ff;\"><u><a href=\"mailto:dpd@tarrega.cat\"><span style=\"font-family: Arial, sans-serif;\"><span style=\"font-size: small;\">dpd@tarrega.cat<\/span><\/span><\/a><\/u><\/span><span style=\"font-family: Arial, sans-serif;\"><span style=\"font-size: small;\">. <\/span><\/span><\/p>\n<\/td>\n<\/tr>\n<tr valign=\"top\">\n<td width=\"164\">\n<p class=\"western\" lang=\"es-ES\" align=\"left\"><span style=\"font-family: Arial, sans-serif;\"><span style=\"font-size: small;\">Destinataris<\/span><\/span><\/p>\n<\/td>\n<td width=\"354\">\n<p class=\"western\" lang=\"es-ES\" align=\"left\"><span style=\"font-family: Arial, sans-serif;\"><span style=\"font-size: small;\">Est\u00e0 prevista la cessi\u00f3 exclusivament a les empreses terceres que ofereixin serveis dins del Complex Piscines de T\u00e0rrega i que tinguin contracte amb l\u2019Ajuntament de T\u00e0rrega.<\/span><\/span><\/p>\n<\/td>\n<\/tr>\n<tr valign=\"top\">\n<td width=\"164\">\n<p class=\"western\" lang=\"es-ES\" align=\"left\"><span style=\"font-family: Arial, sans-serif;\"><span style=\"font-size: small;\">Conservaci\u00f3 de la informaci\u00f3<\/span><\/span><\/p>\n<\/td>\n<td width=\"354\">\n<p class=\"western\" lang=\"es-ES\" align=\"left\"><span style=\"font-family: Arial, sans-serif;\"><span style=\"font-size: small;\">Definit en el quadre de classificaci\u00f3 de l\u2019Ajuntament.<\/span><\/span><\/p>\n<\/td>\n<\/tr>\n<\/tbody>\n<\/table>\n<p class=\"western\" lang=\"es-ES\"><span style=\"font-family: Arial, sans-serif;\"><span style=\"color: #454549;\"><span style=\"font-size: medium;\"><span lang=\"ca-ES\">\u00danicament es tractaran les dades que hagi lliurat per a la finalitat que es va informar i es va autoritzar. No es realitza tractament per part de tercers de les dades i no se cediran les dades a tercers excepte que s\u2019hagi autoritzat expressament o hagi una habilitaci\u00f3 legal.<\/span><\/span><\/span><\/span><\/p>\n<p>La base legal per al tractament de les dades personals \u00e9s l&#8217;execuci\u00f3 de les compet\u00e8ncies de l\u2019Ajuntament i per portar a terme els serveis que ens ha sol\u00b7licitat.<\/p>\n<p>L\u2019usuari subministra les seves dades de forma volunt\u00e0ria en tot moment i essent informat de l\u2019\u00fas i el tractament que se\u2019n fa. Tota la informaci\u00f3 que facilita l\u2019usuari ha de ser vera\u00e7. L\u2019usuari \u00e9s l\u2019\u00fanic responsable de les manifestacions falses o inexactes que realitzi i del perjudicis que causi a l\u2019Ajuntament o a tercers. L\u2019Ajuntament es reserva el dret a excloure dels serveis a tot usuari que hagi facilitat dades falses, sense perjudici de les altres accions que procedeixin en Dret.<\/p>\n<p class=\"western\" lang=\"es-ES\"><span style=\"color: #454549;\"><span style=\"font-size: medium;\"><span lang=\"ca-ES\"><b><span style=\"font-family: Arial, sans-serif;\">Per\u00edode de conservaci\u00f3<\/span><\/b><\/span><\/span><\/span><\/p>\n<p class=\"western\" lang=\"es-ES\"><span style=\"font-family: Arial, sans-serif;\"><span style=\"color: #454549;\"><span style=\"font-size: medium;\"><span lang=\"ca-ES\">Les dades personals de les persones interessades es conservaran durant el temps necessari per al compliment de les finalitats per a les que varen ser obtingudes, en exercici de les compet\u00e8ncies i funcions de l&#8217;Ajuntament, i en tot cas, durant els terminis de conservaci\u00f3, prescripci\u00f3 i depuraci\u00f3 de possibles responsabilitats legalment previstos.<\/span><\/span><\/span><\/span><\/p>\n<p class=\"western\" lang=\"es-ES\"><span style=\"color: #454549;\"><span style=\"font-size: medium;\"><span lang=\"ca-ES\"><b><span style=\"font-family: Arial, sans-serif;\">Drets dels afectats<\/span><\/b><\/span><\/span><\/span><\/p>\n<p class=\"western\" lang=\"es-ES\"><span style=\"font-family: Arial, sans-serif;\"><span style=\"color: #454549;\"><span style=\"font-size: medium;\"><span lang=\"ca-ES\">En qualsevol moment es podr\u00e0 sol\u00b7licitar i obtenir informaci\u00f3 de com i per a qu\u00e8 l\u2019Ajuntament est\u00e0 tractant les dades:<\/span><\/span><\/span><\/span><\/p>\n<ul>\n<li>\n<p class=\"western\" lang=\"es-ES\"><span style=\"font-family: Arial, sans-serif;\"><span style=\"color: #454549;\"><span style=\"font-size: medium;\"><span lang=\"ca-ES\">Accedir a les dades: sol\u00b7licitar quines dades t\u00e9 l\u2019Ajuntament i quin \u00fas es fa, i exercir el dret de portabilitat, si s\u2019escau.<\/span><\/span><\/span><\/span><\/p>\n<\/li>\n<li>\n<p class=\"western\" lang=\"es-ES\"><span style=\"font-family: Arial, sans-serif;\"><span style=\"color: #454549;\"><span style=\"font-size: medium;\"><span lang=\"ca-ES\">Rectificar les dades: sol\u00b7licitar la modificaci\u00f3 o rectificaci\u00f3 de les dades inexactes.<\/span><\/span><\/span><\/span><\/p>\n<\/li>\n<li>\n<p class=\"western\" lang=\"es-ES\"><span style=\"font-family: Arial, sans-serif;\"><span style=\"color: #454549;\"><span style=\"font-size: medium;\"><span lang=\"ca-ES\">Suprimir les dades: sol\u00b7licitar que les dades siguin eliminades i no es faci tractament d&#8217;elles, fora del que la normativa exigeixi conservar.<\/span><\/span><\/span><\/span><\/p>\n<\/li>\n<li>\n<p class=\"western\" lang=\"es-ES\"><span style=\"font-family: Arial, sans-serif;\"><span style=\"color: #454549;\"><span style=\"font-size: medium;\"><span lang=\"ca-ES\">Limitar el tractament: sol\u00b7licitar un \u00fas restringit de les dades d\u2019acord amb els seus requeriments.<\/span><\/span><\/span><\/span><\/p>\n<\/li>\n<li>\n<p class=\"western\" lang=\"es-ES\"><span style=\"font-family: Arial, sans-serif;\"><span style=\"color: #454549;\"><span style=\"font-size: medium;\"><span lang=\"ca-ES\">Oposar-se a un tractament: que no es faci un \u00fas concret de les dades, fora del que la normativa exigeixi<\/span><\/span><\/span><\/span><\/p>\n<\/li>\n<\/ul>\n<p class=\"western\" lang=\"es-ES\"><span style=\"color: #454549;\"><span style=\"font-family: Arial, sans-serif;\"><span style=\"font-size: medium;\"><span lang=\"ca-ES\">Per aix\u00f2 es pot dirigir un escrit indicant quin dret es vol exercir (Acc\u00e9s, Rectificaci\u00f3, Supressi\u00f3, Oposici\u00f3 o Portabilitat de les dades) a l\u2019Atenci\u00f3 del Delegat de Protecci\u00f3 de Dades de l\u2019Ajuntament de T\u00e0rrega , Pla\u00e7a Major n\u00ba1, 25300 T\u00e0rrega (Lleida), o\u00a0<\/span><\/span><\/span><\/span><a href=\"mailto:dpd@tarrega.cat?subject=DPD%20-%20Acc%C3%A9s%20als%20drets%20ARCO\" target=\"_self\" rel=\"noopener\"><span style=\"color: #0085ca;\"><span style=\"font-family: Arial, sans-serif;\"><span style=\"font-size: medium;\"><span lang=\"ca-ES\"><u>dpd@tarrega.cat<\/u><\/span><\/span><\/span><\/span><\/a><span style=\"color: #454549;\"><span style=\"font-family: Arial, sans-serif;\"><span style=\"font-size: medium;\"><span lang=\"ca-ES\">.<\/span><\/span><\/span><\/span><\/p>\n<p class=\"western\" lang=\"es-ES\"><span style=\"color: #454549;\"><span style=\"font-size: medium;\"><span lang=\"ca-ES\"><b><span style=\"font-family: Arial, sans-serif;\">Informaci\u00f3 addicional sobre el tractament de dades personals<\/span><\/b><\/span><\/span><\/span><\/p>\n<p class=\"western\" lang=\"es-ES\"><span style=\"color: #454549;\"><span style=\"font-family: Arial, sans-serif;\"><span style=\"font-size: medium;\"><span lang=\"ca-ES\">Si desitja con\u00e8ixer m\u00e9s informaci\u00f3 sobre els tractaments de dades personals que porta a terme l\u2019Ajuntament de T\u00e0rrega, es pot posar en contacte amb el Delegat de Protecci\u00f3 de Dades a l\u2019adre\u00e7a de correu electr\u00f2nic\u00a0<\/span><\/span><\/span><\/span><a href=\"mailto:dpd@tarrega.cat?subject=DPD%20-%20Informaci%C3%B3\" target=\"_blank\" rel=\"noopener\"><span style=\"color: #0085ca;\"><span style=\"font-family: Arial, sans-serif;\"><span style=\"font-size: medium;\"><span lang=\"ca-ES\"><u>dpd@tarrega.cat<\/u><\/span><\/span><\/span><\/span><\/a><span style=\"color: #454549;\"><span style=\"font-family: Arial, sans-serif;\"><span style=\"font-size: medium;\"><span lang=\"ca-ES\">\u00a0o per correu postal a l\u2019atenci\u00f3 del Delegat de Protecci\u00f3 de Dades a Ajuntament de T\u00e0rrega, Pla\u00e7a Major n\u00ba1, 25300 T\u00e0rrega (Lleida).<\/span><\/span><\/span><\/span><\/p>\n<p class=\"western\" lang=\"es-ES\"><span style=\"color: #454549;\"><span style=\"font-size: medium;\"><span lang=\"ca-ES\"><b><span style=\"font-family: Arial, sans-serif;\">Presentaci\u00f3 de reclamacions<\/span><\/b><\/span><\/span><\/span><\/p>\n<p class=\"western\" lang=\"es-ES\"><span style=\"color: #454549;\"><span style=\"font-family: Arial, sans-serif;\"><span style=\"font-size: medium;\"><span lang=\"ca-ES\">L\u2019Autoritat Catalana de Protecci\u00f3 de Dades (<\/span><\/span><\/span><\/span><a href=\"http:\/\/www.apdcat.cat\/\" target=\"Autoritat Catalana de Protecci\u00f3 de Dades\" rel=\"noopener\"><span style=\"color: #0085ca;\"><span style=\"font-family: Arial, sans-serif;\"><span style=\"font-size: medium;\"><span lang=\"ca-ES\"><u>www.apdcat.cat<\/u><\/span><\/span><\/span><\/span><\/a><span style=\"color: #454549;\"><span style=\"font-family: Arial, sans-serif;\"><span style=\"font-size: medium;\"><span lang=\"ca-ES\">) \u00e9s l\u2019Organisme Supervisor que vetlla pel compliment de la legislaci\u00f3 de protecci\u00f3 de dades a l\u2019Administraci\u00f3 P\u00fablica Catalana. Si es considera que l\u2019Ajuntament ha incomplert algun dels preceptes establerts en aquesta normativa s\u2019hi pot dirigir per tal d\u2019interposar-hi una reclamaci\u00f3.<\/span><\/span><\/span><\/span><\/p>\n","protected":false},"excerpt":{"rendered":"<p>Identitat del responsable del tractament El responsable del tractament de les dades personals recollides al web piscines.tarrega.cat \u00e9s: AJUNTAMENT DE T\u00c0RREGA Pl. Major, 1 25300 &#8211; T\u00e0rrega (Lleida) P2527200F Legislaci\u00f3 aplicable La privadesa de tota la informaci\u00f3, tan la facilitada per la persona usu\u00e0ria a trav\u00e9s dels diferents formularis de sol\u00b7licitud de dades personals, com<\/p>\n","protected":false},"author":1,"featured_media":0,"parent":0,"menu_order":0,"comment_status":"closed","ping_status":"closed","template":"","meta":{"footnotes":""},"class_list":["post-1399","page","type-page","status-publish","hentry","prodpage-classic"],"yoast_head":"<!-- This site is optimized with the Yoast SEO plugin v19.3 - https:\/\/yoast.com\/wordpress\/plugins\/seo\/ -->\n<title>Pol\u00edtica de privacitat - Complex Piscines de T\u00e0rrega<\/title>\n<meta name=\"robots\" content=\"index, follow, max-snippet:-1, max-image-preview:large, max-video-preview:-1\" \/>\n<link rel=\"canonical\" href=\"https:\/\/piscines.tarrega.cat\/piscina-estiu\/privacy-policy\/\" \/>\n<meta property=\"og:locale\" content=\"en_GB\" \/>\n<meta property=\"og:type\" content=\"article\" \/>\n<meta property=\"og:title\" content=\"Pol\u00edtica de privacitat - Complex Piscines de T\u00e0rrega\" \/>\n<meta property=\"og:description\" content=\"Identitat del responsable del tractament El responsable del tractament de les dades personals recollides al web piscines.tarrega.cat \u00e9s: AJUNTAMENT DE T\u00c0RREGA Pl. Major, 1 25300 &#8211; T\u00e0rrega (Lleida) P2527200F Legislaci\u00f3 aplicable La privadesa de tota la informaci\u00f3, tan la facilitada per la persona usu\u00e0ria a trav\u00e9s dels diferents formularis de sol\u00b7licitud de dades personals, com\" \/>\n<meta property=\"og:url\" content=\"https:\/\/piscines.tarrega.cat\/piscina-estiu\/privacy-policy\/\" \/>\n<meta property=\"og:site_name\" content=\"Complex Piscines de T\u00e0rrega\" \/>\n<meta property=\"article:modified_time\" content=\"2022-05-18T13:24:31+00:00\" \/>\n<meta name=\"twitter:card\" content=\"summary_large_image\" \/>\n<meta name=\"twitter:label1\" content=\"Estimated reading time\" \/>\n\t<meta name=\"twitter:data1\" content=\"4 minutes\" \/>\n<script type=\"application\/ld+json\" class=\"yoast-schema-graph\">{\"@context\":\"https:\/\/schema.org\",\"@graph\":[{\"@type\":\"WebSite\",\"@id\":\"https:\/\/piscines.tarrega.cat\/piscina-estiu\/#website\",\"url\":\"https:\/\/piscines.tarrega.cat\/piscina-estiu\/\",\"name\":\"Complex Piscines de T\u00e0rrega\",\"description\":\"\",\"potentialAction\":[{\"@type\":\"SearchAction\",\"target\":{\"@type\":\"EntryPoint\",\"urlTemplate\":\"https:\/\/piscines.tarrega.cat\/piscina-estiu\/?s={search_term_string}\"},\"query-input\":\"required name=search_term_string\"}],\"inLanguage\":\"en-GB\"},{\"@type\":\"WebPage\",\"@id\":\"https:\/\/piscines.tarrega.cat\/piscina-estiu\/privacy-policy\/\",\"url\":\"https:\/\/piscines.tarrega.cat\/piscina-estiu\/privacy-policy\/\",\"name\":\"Pol\u00edtica de privacitat - Complex Piscines de T\u00e0rrega\",\"isPartOf\":{\"@id\":\"https:\/\/piscines.tarrega.cat\/piscina-estiu\/#website\"},\"datePublished\":\"2020-09-03T01:03:26+00:00\",\"dateModified\":\"2022-05-18T13:24:31+00:00\",\"breadcrumb\":{\"@id\":\"https:\/\/piscines.tarrega.cat\/piscina-estiu\/privacy-policy\/#breadcrumb\"},\"inLanguage\":\"en-GB\",\"potentialAction\":[{\"@type\":\"ReadAction\",\"target\":[\"https:\/\/piscines.tarrega.cat\/piscina-estiu\/privacy-policy\/\"]}]},{\"@type\":\"BreadcrumbList\",\"@id\":\"https:\/\/piscines.tarrega.cat\/piscina-estiu\/privacy-policy\/#breadcrumb\",\"itemListElement\":[{\"@type\":\"ListItem\",\"position\":1,\"name\":\"Home\",\"item\":\"https:\/\/piscines.tarrega.cat\/piscina-estiu\/\"},{\"@type\":\"ListItem\",\"position\":2,\"name\":\"Pol\u00edtica de privacitat\"}]}]}<\/script>\n<!-- \/ Yoast SEO plugin. -->","yoast_head_json":{"title":"Pol\u00edtica de privacitat - Complex Piscines de T\u00e0rrega","robots":{"index":"index","follow":"follow","max-snippet":"max-snippet:-1","max-image-preview":"max-image-preview:large","max-video-preview":"max-video-preview:-1"},"canonical":"https:\/\/piscines.tarrega.cat\/piscina-estiu\/privacy-policy\/","og_locale":"en_GB","og_type":"article","og_title":"Pol\u00edtica de privacitat - Complex Piscines de T\u00e0rrega","og_description":"Identitat del responsable del tractament El responsable del tractament de les dades personals recollides al web piscines.tarrega.cat \u00e9s: AJUNTAMENT DE T\u00c0RREGA Pl. Major, 1 25300 &#8211; T\u00e0rrega (Lleida) P2527200F Legislaci\u00f3 aplicable La privadesa de tota la informaci\u00f3, tan la facilitada per la persona usu\u00e0ria a trav\u00e9s dels diferents formularis de sol\u00b7licitud de dades personals, com","og_url":"https:\/\/piscines.tarrega.cat\/piscina-estiu\/privacy-policy\/","og_site_name":"Complex Piscines de T\u00e0rrega","article_modified_time":"2022-05-18T13:24:31+00:00","twitter_card":"summary_large_image","twitter_misc":{"Estimated reading time":"4 minutes"},"schema":{"@context":"https:\/\/schema.org","@graph":[{"@type":"WebSite","@id":"https:\/\/piscines.tarrega.cat\/piscina-estiu\/#website","url":"https:\/\/piscines.tarrega.cat\/piscina-estiu\/","name":"Complex Piscines de T\u00e0rrega","description":"","potentialAction":[{"@type":"SearchAction","target":{"@type":"EntryPoint","urlTemplate":"https:\/\/piscines.tarrega.cat\/piscina-estiu\/?s={search_term_string}"},"query-input":"required name=search_term_string"}],"inLanguage":"en-GB"},{"@type":"WebPage","@id":"https:\/\/piscines.tarrega.cat\/piscina-estiu\/privacy-policy\/","url":"https:\/\/piscines.tarrega.cat\/piscina-estiu\/privacy-policy\/","name":"Pol\u00edtica de privacitat - Complex Piscines de T\u00e0rrega","isPartOf":{"@id":"https:\/\/piscines.tarrega.cat\/piscina-estiu\/#website"},"datePublished":"2020-09-03T01:03:26+00:00","dateModified":"2022-05-18T13:24:31+00:00","breadcrumb":{"@id":"https:\/\/piscines.tarrega.cat\/piscina-estiu\/privacy-policy\/#breadcrumb"},"inLanguage":"en-GB","potentialAction":[{"@type":"ReadAction","target":["https:\/\/piscines.tarrega.cat\/piscina-estiu\/privacy-policy\/"]}]},{"@type":"BreadcrumbList","@id":"https:\/\/piscines.tarrega.cat\/piscina-estiu\/privacy-policy\/#breadcrumb","itemListElement":[{"@type":"ListItem","position":1,"name":"Home","item":"https:\/\/piscines.tarrega.cat\/piscina-estiu\/"},{"@type":"ListItem","position":2,"name":"Pol\u00edtica de privacitat"}]}]}},"_links":{"self":[{"href":"http:\/\/piscines.tarrega.cat\/piscina-estiu\/wp-json\/wp\/v2\/pages\/1399","targetHints":{"allow":["GET"]}}],"collection":[{"href":"http:\/\/piscines.tarrega.cat\/piscina-estiu\/wp-json\/wp\/v2\/pages"}],"about":[{"href":"http:\/\/piscines.tarrega.cat\/piscina-estiu\/wp-json\/wp\/v2\/types\/page"}],"author":[{"embeddable":true,"href":"http:\/\/piscines.tarrega.cat\/piscina-estiu\/wp-json\/wp\/v2\/users\/1"}],"replies":[{"embeddable":true,"href":"http:\/\/piscines.tarrega.cat\/piscina-estiu\/wp-json\/wp\/v2\/comments?post=1399"}],"version-history":[{"count":3,"href":"http:\/\/piscines.tarrega.cat\/piscina-estiu\/wp-json\/wp\/v2\/pages\/1399\/revisions"}],"predecessor-version":[{"id":2360,"href":"http:\/\/piscines.tarrega.cat\/piscina-estiu\/wp-json\/wp\/v2\/pages\/1399\/revisions\/2360"}],"wp:attachment":[{"href":"http:\/\/piscines.tarrega.cat\/piscina-estiu\/wp-json\/wp\/v2\/media?parent=1399"}],"curies":[{"name":"wp","href":"https:\/\/api.w.org\/{rel}","templated":true}]}}